{"id":29935,"date":"2023-12-04T21:37:39","date_gmt":"2023-12-04T20:37:39","guid":{"rendered":"https:\/\/jawa-moto.ch\/?page_id=29935"},"modified":"2024-06-18T13:36:12","modified_gmt":"2024-06-18T11:36:12","slug":"order","status":"publish","type":"page","link":"https:\/\/jawa-moto.ch\/fr\/commander\/","title":{"rendered":"Commande de moto"},"content":{"rendered":"<div data-elementor-type=\"wp-page\" data-elementor-id=\"29935\" class=\"elementor elementor-29935\">\n\t\t\t\t\t\t<section class=\"elementor-section elementor-top-section elementor-element elementor-element-238b3f60 elementor-section-boxed elementor-section-height-default elementor-section-height-default\" data-id=\"238b3f60\" data-element_type=\"section\" data-settings=\"{&quot;background_background&quot;:&quot;classic&quot;}\">\n\t\t\t\t\t\t\t<div class=\"elementor-background-overlay\"><\/div>\n\t\t\t\t\t\t\t<div class=\"elementor-container elementor-column-gap-default\">\n\t\t\t\t\t<div class=\"elementor-column elementor-col-100 elementor-top-column elementor-element elementor-element-bea1843\" data-id=\"bea1843\" data-element_type=\"column\">\n\t\t\t<div class=\"elementor-widget-wrap\">\n\t\t\t\t\t\t\t<\/div>\n\t\t<\/div>\n\t\t\t\t\t<\/div>\n\t\t<\/section>\n\t\t\t\t<section class=\"elementor-section elementor-top-section elementor-element elementor-element-820037c elementor-section-boxed elementor-section-height-default elementor-section-height-default\" data-id=\"820037c\" data-element_type=\"section\">\n\t\t\t\t\t\t<div class=\"elementor-container elementor-column-gap-default\">\n\t\t\t\t\t<div class=\"elementor-column elementor-col-100 elementor-top-column elementor-element elementor-element-45fa5ff\" data-id=\"45fa5ff\" data-element_type=\"column\">\n\t\t\t<div class=\"elementor-widget-wrap elementor-element-populated\">\n\t\t\t\t\t\t<div class=\"elementor-element elementor-element-2b30a21 elementor-widget elementor-widget-heading\" data-id=\"2b30a21\" data-element_type=\"widget\" data-widget_type=\"heading.default\">\n\t\t\t\t<div class=\"elementor-widget-container\">\n\t\t\t\t\t<h2 class=\"elementor-heading-title elementor-size-default\">Order your jawa 300CL<\/h2>\t\t\t\t<\/div>\n\t\t\t\t<\/div>\n\t\t\t\t\t<\/div>\n\t\t<\/div>\n\t\t\t\t\t<\/div>\n\t\t<\/section>\n\t\t\t\t<section class=\"elementor-section elementor-top-section elementor-element elementor-element-dd4cc03 elementor-section-boxed elementor-section-height-default elementor-section-height-default\" data-id=\"dd4cc03\" data-element_type=\"section\">\n\t\t\t\t\t\t<div class=\"elementor-container elementor-column-gap-default\">\n\t\t\t\t\t<div class=\"elementor-column elementor-col-100 elementor-top-column elementor-element elementor-element-d9d0978\" data-id=\"d9d0978\" data-element_type=\"column\">\n\t\t\t<div class=\"elementor-widget-wrap elementor-element-populated\">\n\t\t\t\t\t\t<div class=\"elementor-element elementor-element-5abeafb elementor-widget elementor-widget-wpforms\" data-id=\"5abeafb\" data-element_type=\"widget\" data-widget_type=\"wpforms.default\">\n\t\t\t\t<div class=\"elementor-widget-container\">\n\t\t\t\t\t<div class=\"wpforms-container\" id=\"wpforms-29900\"><form id=\"wpforms-form-29900\" class=\"wpforms-validate wpforms-form wpforms-ajax-form\" data-formid=\"29900\" method=\"post\" enctype=\"multipart\/form-data\" action=\"\/fr\/wp-json\/wp\/v2\/pages\/29935\" data-token=\"1b1c8a249532f5ff56a472b78bcfff98\" data-token-time=\"1776280946\" data-trp-original-action=\"\/fr\/wp-json\/wp\/v2\/pages\/29935\"><noscript class=\"wpforms-error-noscript\">Veuillez activer JavaScript dans votre navigateur pour remplir ce formulaire.<\/noscript><div class=\"wpforms-field-container\"><div id=\"wpforms-29900-field_0-container\" class=\"wpforms-field wpforms-field-name\" data-field-id=\"0\"><label class=\"wpforms-field-label\" for=\"wpforms-29900-field_0\">Nom et pr\u00e9nom <span class=\"wpforms-required-label\">*<\/span><\/label><input type=\"text\" id=\"wpforms-29900-field_0\" class=\"wpforms-field-medium wpforms-field-required\" name=\"wpforms[fields][0]\" required><\/div><div id=\"wpforms-29900-field_1-container\" class=\"wpforms-field wpforms-field-email\" data-field-id=\"1\"><label class=\"wpforms-field-label\" for=\"wpforms-29900-field_1\">E-mail <span class=\"wpforms-required-label\">*<\/span><\/label><input type=\"email\" id=\"wpforms-29900-field_1\" class=\"wpforms-field-medium wpforms-field-required\" name=\"wpforms[fields][1]\" spellcheck=\"false\" required><\/div><div id=\"wpforms-29900-field_21-container\" class=\"wpforms-field wpforms-field-text\" data-field-id=\"21\"><label class=\"wpforms-field-label\" for=\"wpforms-29900-field_21\">Num\u00e9ro de t\u00e9l\u00e9phone <span class=\"wpforms-required-label\">*<\/span><\/label><input type=\"text\" id=\"wpforms-29900-field_21\" class=\"wpforms-field-medium wpforms-field-required\" name=\"wpforms[fields][21]\" required><\/div><div id=\"wpforms-29900-field_17-container\" class=\"wpforms-field wpforms-field-name\" data-field-id=\"17\"><label class=\"wpforms-field-label\" for=\"wpforms-29900-field_17\">Adresse  <span class=\"wpforms-required-label\">*<\/span><\/label><input type=\"text\" id=\"wpforms-29900-field_17\" class=\"wpforms-field-medium wpforms-field-required\" name=\"wpforms[fields][17]\" required><\/div><div id=\"wpforms-29900-field_7-container\" class=\"wpforms-field wpforms-field-text\" data-field-id=\"7\"><label class=\"wpforms-field-label\" for=\"wpforms-29900-field_7\">Code postal \/ Lieu <span class=\"wpforms-required-label\">*<\/span><\/label><input type=\"text\" id=\"wpforms-29900-field_7\" class=\"wpforms-field-medium wpforms-field-required\" name=\"wpforms[fields][7]\" required><\/div><div id=\"wpforms-29900-field_4-container\" class=\"wpforms-field wpforms-field-payment-multiple\" data-field-id=\"4\"><label class=\"wpforms-field-label\">Choisissez votre variante : <span class=\"wpforms-required-label\">*<\/span><\/label><ul id=\"wpforms-29900-field_4\" class=\"wpforms-field-required\"><li class=\"choice-1\"><input type=\"radio\" id=\"wpforms-29900-field_4_1\" class=\"wpforms-payment-price\" data-amount=\"6,700.00\" name=\"wpforms[fields][4]\" value=\"1\" required><label class=\"wpforms-field-label-inline\" for=\"wpforms-29900-field_4_1\">Jawa 300 CL - maroon - <span class=\"wpforms-currency-symbol\">CHF6,700.00<\/span><\/label><\/li><li class=\"choice-2\"><input type=\"radio\" id=\"wpforms-29900-field_4_2\" class=\"wpforms-payment-price\" data-amount=\"6,700.00\" name=\"wpforms[fields][4]\" value=\"2\" required><label class=\"wpforms-field-label-inline\" for=\"wpforms-29900-field_4_2\">Jawa 300 CL - black - <span class=\"wpforms-currency-symbol\">CHF6,700.00<\/span><\/label><\/li><li class=\"choice-3\"><input type=\"radio\" id=\"wpforms-29900-field_4_3\" class=\"wpforms-payment-price\" data-amount=\"6,700.00\" name=\"wpforms[fields][4]\" value=\"3\" required><label class=\"wpforms-field-label-inline\" for=\"wpforms-29900-field_4_3\">Jawa 300 CL Forty Two - army green - <span class=\"wpforms-currency-symbol\">CHF6,700.00<\/span><\/label><\/li><li class=\"choice-4\"><input type=\"radio\" id=\"wpforms-29900-field_4_4\" class=\"wpforms-payment-price\" data-amount=\"6,700.00\" name=\"wpforms[fields][4]\" value=\"4\" required><label class=\"wpforms-field-label-inline\" for=\"wpforms-29900-field_4_4\">Jawa 300 CL Forty Two - glossy blue - <span class=\"wpforms-currency-symbol\">CHF6,700.00<\/span><\/label><\/li><\/ul><\/div><div id=\"wpforms-29900-field_13-container\" class=\"wpforms-field wpforms-field-payment-checkbox\" data-field-id=\"13\"><label class=\"wpforms-field-label\">Livraison<\/label><ul id=\"wpforms-29900-field_13\"><li class=\"choice-1\"><input type=\"checkbox\" id=\"wpforms-29900-field_13_1\" class=\"wpforms-payment-price\" data-amount=\"250.00\" name=\"wpforms[fields][13][]\" value=\"1\"  ><label class=\"wpforms-field-label-inline\" for=\"wpforms-29900-field_13_1\">Delivery - <span class=\"wpforms-currency-symbol\">CHF250.00<\/span><\/label><\/li><li class=\"choice-2\"><input type=\"checkbox\" id=\"wpforms-29900-field_13_2\" class=\"wpforms-payment-price\" data-amount=\"0.00\" name=\"wpforms[fields][13][]\" value=\"2\"  ><label class=\"wpforms-field-label-inline\" for=\"wpforms-29900-field_13_2\">Pick up - <span class=\"wpforms-currency-symbol\">CHF0.00<\/span><\/label><\/li><\/ul><\/div><div id=\"wpforms-29900-field_10-container\" class=\"wpforms-field wpforms-field-payment-total wpforms-field-medium\" data-field-id=\"10\"><label class=\"wpforms-field-label\">Total<\/label><div class=\"wpforms-payment-total\" style=\"\">CHF0.00<\/div><input type=\"hidden\" id=\"wpforms-29900-field_10\" class=\"wpforms-field-medium wpforms-payment-total\" name=\"wpforms[fields][10]\" value=\"0\"><\/div><div id=\"wpforms-29900-field_15-container\" class=\"wpforms-field wpforms-field-textarea\" data-field-id=\"15\"><label class=\"wpforms-field-label\" for=\"wpforms-29900-field_15\">Remarques suppl\u00e9mentaires<\/label><textarea id=\"wpforms-29900-field_15\" class=\"wpforms-field-medium\" name=\"wpforms[fields][15]\" ><\/textarea><\/div><\/div><!-- .wpforms-field-container --><div class=\"wpforms-recaptcha-container wpforms-is-recaptcha wpforms-is-recaptcha-type-v2\" ><div class=\"g-recaptcha\" data-sitekey=\"6Lfou-YnAAAAAIwfbW-L274YWc1TA_angto26ArS\"><\/div><input type=\"text\" name=\"g-recaptcha-hidden\" class=\"wpforms-recaptcha-hidden\" style=\"position:absolute!important;clip:rect(0,0,0,0)!important;height:1px!important;width:1px!important;border:0!important;overflow:hidden!important;padding:0!important;margin:0!important;\" data-rule-recaptcha=\"1\"><\/div><div class=\"wpforms-submit-container\" ><input type=\"hidden\" name=\"wpforms[id]\" value=\"29900\"><input type=\"hidden\" name=\"page_title\" value=\"\"><input type=\"hidden\" name=\"page_url\" value=\"https:\/\/jawa-moto.ch\/fr\/wp-json\/wp\/v2\/pages\/29935\"><input type=\"hidden\" name=\"url_referer\" value=\"\"><button type=\"submit\" name=\"wpforms[submit]\" id=\"wpforms-submit-29900\" class=\"wpforms-submit\" data-alt-text=\"Sending...\" data-submit-text=\"Order with obligation to pay\" aria-live=\"assertive\" value=\"wpforms-submit\">commande avec obligation de paiement<\/button><img decoding=\"async\" src=\"https:\/\/jawa-moto.ch\/wp-content\/plugins\/wpforms-lite\/assets\/images\/submit-spin.svg\" class=\"wpforms-submit-spinner\" style=\"display: none;\" width=\"26\" height=\"26\" alt=\"Chargement en cours\"><\/div><input type=\"hidden\" name=\"trp-form-language\" value=\"fr\"\/><\/form><\/div>  <!-- .wpforms-container -->\t\t\t\t<\/div>\n\t\t\t\t<\/div>\n\t\t\t\t\t<\/div>\n\t\t<\/div>\n\t\t\t\t\t<\/div>\n\t\t<\/section>\n\t\t\t\t<\/div>","protected":false},"excerpt":{"rendered":"<p>Order your jawa 300CL Please enable JavaScript in your browser to complete this form.Full name *Email *Phone number *Address *Post code \/ City *Choose your variant: * Jawa 300 CL &#8211; maroon &#8211; CHF6,700.00 Jawa 300 CL &#8211; black &#8211; CHF6,700.00 Jawa 300 CL Forty Two &#8211; army green &#8211; CHF6,700.00 Jawa 300 CL Forty &hellip;<\/p>\n<p class=\"read-more\"> <a class=\"\" href=\"https:\/\/jawa-moto.ch\/fr\/commander\/\"> <span class=\"screen-reader-text\">Commande de moto<\/span> Lire la suite\u00a0\u00bb<\/a><\/p>","protected":false},"author":1,"featured_media":0,"parent":0,"menu_order":0,"comment_status":"closed","ping_status":"closed","template":"","meta":{"_uag_custom_page_level_css":"","_monsterinsights_skip_tracking":false,"_monsterinsights_sitenote_active":false,"_monsterinsights_sitenote_note":"","_monsterinsights_sitenote_category":0,"site-sidebar-layout":"no-sidebar","site-content-layout":"page-builder","ast-global-header-display":"","ast-banner-title-visibility":"","ast-main-header-display":"","ast-hfb-above-header-display":"","ast-hfb-below-header-display":"","ast-hfb-mobile-header-display":"","site-post-title":"disabled","ast-breadcrumbs-content":"","ast-featured-img":"disabled","footer-sml-layout":"","theme-transparent-header-meta":"","adv-header-id-meta":"","stick-header-meta":"","header-above-stick-meta":"","header-main-stick-meta":"","header-below-stick-meta":"","footnotes":""},"class_list":["post-29935","page","type-page","status-publish","hentry"],"aioseo_notices":[],"uagb_featured_image_src":{"full":false,"thumbnail":false,"medium":false,"medium_large":false,"large":false,"1536x1536":false,"2048x2048":false,"trp-custom-language-flag":false},"uagb_author_info":{"display_name":"jawa","author_link":"https:\/\/jawa-moto.ch\/fr\/author\/sweetsvonmamangmail-com\/"},"uagb_comment_info":0,"uagb_excerpt":"Order your jawa 300CL Please enable JavaScript in your browser to complete this form.Full name *Email *Phone number *Address *Post code \/ City *Choose your variant: * Jawa 300 CL &#8211; maroon &#8211; CHF6,700.00 Jawa 300 CL &#8211; black &#8211; CHF6,700.00 Jawa 300 CL Forty Two &#8211; army green &#8211; CHF6,700.00 Jawa 300 CL Forty\u2026","jetpack_sharing_enabled":true,"_links":{"self":[{"href":"https:\/\/jawa-moto.ch\/fr\/wp-json\/wp\/v2\/pages\/29935","targetHints":{"allow":["GET"]}}],"collection":[{"href":"https:\/\/jawa-moto.ch\/fr\/wp-json\/wp\/v2\/pages"}],"about":[{"href":"https:\/\/jawa-moto.ch\/fr\/wp-json\/wp\/v2\/types\/page"}],"author":[{"embeddable":true,"href":"https:\/\/jawa-moto.ch\/fr\/wp-json\/wp\/v2\/users\/1"}],"replies":[{"embeddable":true,"href":"https:\/\/jawa-moto.ch\/fr\/wp-json\/wp\/v2\/comments?post=29935"}],"version-history":[{"count":12,"href":"https:\/\/jawa-moto.ch\/fr\/wp-json\/wp\/v2\/pages\/29935\/revisions"}],"predecessor-version":[{"id":30649,"href":"https:\/\/jawa-moto.ch\/fr\/wp-json\/wp\/v2\/pages\/29935\/revisions\/30649"}],"wp:attachment":[{"href":"https:\/\/jawa-moto.ch\/fr\/wp-json\/wp\/v2\/media?parent=29935"}],"curies":[{"name":"wp","href":"https:\/\/api.w.org\/{rel}","templated":true}]}}