{"id":30132,"date":"2024-02-23T14:38:54","date_gmt":"2024-02-23T13:38:54","guid":{"rendered":"https:\/\/jawa-moto.ch\/?page_id=30132"},"modified":"2024-02-23T15:10:04","modified_gmt":"2024-02-23T14:10:04","slug":"become-a-dealer","status":"publish","type":"page","link":"https:\/\/jawa-moto.ch\/fr\/devenir-concessionnaire\/","title":{"rendered":"Devenir concessionnaire"},"content":{"rendered":"<div data-elementor-type=\"wp-page\" data-elementor-id=\"30132\" class=\"elementor elementor-30132\">\n\t\t\t\t\t\t<section class=\"elementor-section elementor-top-section elementor-element elementor-element-18dc4c62 elementor-section-boxed elementor-section-height-default elementor-section-height-default\" data-id=\"18dc4c62\" data-element_type=\"section\" data-settings=\"{&quot;background_background&quot;:&quot;classic&quot;}\">\n\t\t\t\t\t\t\t<div class=\"elementor-background-overlay\"><\/div>\n\t\t\t\t\t\t\t<div class=\"elementor-container elementor-column-gap-default\">\n\t\t\t\t\t<div class=\"elementor-column elementor-col-100 elementor-top-column elementor-element elementor-element-2fbf45c2\" data-id=\"2fbf45c2\" data-element_type=\"column\">\n\t\t\t<div class=\"elementor-widget-wrap elementor-element-populated\">\n\t\t\t\t\t\t<div class=\"elementor-element elementor-element-7b470640 elementor-widget elementor-widget-heading\" data-id=\"7b470640\" data-element_type=\"widget\" data-widget_type=\"heading.default\">\n\t\t\t\t<div class=\"elementor-widget-container\">\n\t\t\t\t\t<h1 class=\"elementor-heading-title elementor-size-default\">Devenir concessionnaire<\/h1>\t\t\t\t<\/div>\n\t\t\t\t<\/div>\n\t\t\t\t\t<\/div>\n\t\t<\/div>\n\t\t\t\t\t<\/div>\n\t\t<\/section>\n\t\t\t\t<section class=\"elementor-section elementor-top-section elementor-element elementor-element-448188a elementor-section-boxed elementor-section-height-default elementor-section-height-default\" data-id=\"448188a\" data-element_type=\"section\">\n\t\t\t\t\t\t<div class=\"elementor-container elementor-column-gap-default\">\n\t\t\t\t\t<div class=\"elementor-column elementor-col-100 elementor-top-column elementor-element elementor-element-5c20109\" data-id=\"5c20109\" data-element_type=\"column\">\n\t\t\t<div class=\"elementor-widget-wrap elementor-element-populated\">\n\t\t\t\t\t\t<section class=\"elementor-section elementor-inner-section elementor-element elementor-element-15cb7d3 elementor-section-boxed elementor-section-height-default elementor-section-height-default\" data-id=\"15cb7d3\" data-element_type=\"section\">\n\t\t\t\t\t\t<div class=\"elementor-container elementor-column-gap-default\">\n\t\t\t\t\t<div class=\"elementor-column elementor-col-100 elementor-inner-column elementor-element elementor-element-af5470d\" data-id=\"af5470d\" data-element_type=\"column\">\n\t\t\t<div class=\"elementor-widget-wrap elementor-element-populated\">\n\t\t\t\t\t\t<div class=\"elementor-element elementor-element-6de87d9 elementor-widget elementor-widget-text-editor\" data-id=\"6de87d9\" data-element_type=\"widget\" data-widget_type=\"text-editor.default\">\n\t\t\t\t<div class=\"elementor-widget-container\">\n\t\t\t\t\t\t\t\t\t<p>Merci de votre int\u00e9r\u00eat pour la distribution des motos Jawa. Veuillez remplir le formulaire ci-dessous et nous vous contacterons prochainement.<\/p>\t\t\t\t\t\t\t\t<\/div>\n\t\t\t\t<\/div>\n\t\t\t\t\t<\/div>\n\t\t<\/div>\n\t\t\t\t\t<\/div>\n\t\t<\/section>\n\t\t\t\t\t<\/div>\n\t\t<\/div>\n\t\t\t\t\t<\/div>\n\t\t<\/section>\n\t\t\t\t<section class=\"elementor-section elementor-top-section elementor-element elementor-element-ba8ce87 elementor-section-boxed elementor-section-height-default elementor-section-height-default\" data-id=\"ba8ce87\" data-element_type=\"section\">\n\t\t\t\t\t\t<div class=\"elementor-container elementor-column-gap-default\">\n\t\t\t\t\t<div class=\"elementor-column elementor-col-100 elementor-top-column elementor-element elementor-element-043aed9\" data-id=\"043aed9\" data-element_type=\"column\">\n\t\t\t<div class=\"elementor-widget-wrap elementor-element-populated\">\n\t\t\t\t\t\t<div class=\"elementor-element elementor-element-e26c5d1 elementor-widget elementor-widget-wpforms\" data-id=\"e26c5d1\" data-element_type=\"widget\" data-widget_type=\"wpforms.default\">\n\t\t\t\t<div class=\"elementor-widget-container\">\n\t\t\t\t\t<div class=\"wpforms-container\" id=\"wpforms-30135\"><form id=\"wpforms-form-30135\" class=\"wpforms-validate wpforms-form wpforms-ajax-form\" data-formid=\"30135\" method=\"post\" enctype=\"multipart\/form-data\" action=\"\/fr\/wp-json\/wp\/v2\/pages\/30132\" data-token=\"a414e0cef2a337df92a51c80c029b021\" data-token-time=\"1775584860\" data-trp-original-action=\"\/fr\/wp-json\/wp\/v2\/pages\/30132\"><noscript class=\"wpforms-error-noscript\">Veuillez activer JavaScript dans votre navigateur pour remplir ce formulaire.<\/noscript><div class=\"wpforms-field-container\"><div id=\"wpforms-30135-field_1-container\" class=\"wpforms-field wpforms-field-text\" data-field-id=\"1\"><label class=\"wpforms-field-label\" for=\"wpforms-30135-field_1\">Nom de l'entreprise<\/label><input type=\"text\" id=\"wpforms-30135-field_1\" class=\"wpforms-field-medium\" name=\"wpforms[fields][1]\" ><\/div><div id=\"wpforms-30135-field_2-container\" class=\"wpforms-field wpforms-field-name\" data-field-id=\"2\"><label class=\"wpforms-field-label\">Personne \u00e0 contacter<\/label><div class=\"wpforms-field-row wpforms-field-medium\"><div class=\"wpforms-field-row-block wpforms-first wpforms-one-half\"><input type=\"text\" id=\"wpforms-30135-field_2\" class=\"wpforms-field-name-first\" name=\"wpforms[fields][2][first]\" ><label for=\"wpforms-30135-field_2\" class=\"wpforms-field-sublabel after\">Pr\u00e9nom<\/label><\/div><div class=\"wpforms-field-row-block wpforms-one-half\"><input type=\"text\" id=\"wpforms-30135-field_2-last\" class=\"wpforms-field-name-last\" name=\"wpforms[fields][2][last]\" ><label for=\"wpforms-30135-field_2-last\" class=\"wpforms-field-sublabel after\">Nom<\/label><\/div><\/div><\/div><div id=\"wpforms-30135-field_3-container\" class=\"wpforms-field wpforms-field-email\" data-field-id=\"3\"><label class=\"wpforms-field-label\" for=\"wpforms-30135-field_3\">E-mail<\/label><input type=\"email\" id=\"wpforms-30135-field_3\" class=\"wpforms-field-medium\" name=\"wpforms[fields][3]\" spellcheck=\"false\" ><\/div><div id=\"wpforms-30135-field_8-container\" class=\"wpforms-field wpforms-field-text\" data-field-id=\"8\"><label class=\"wpforms-field-label\" for=\"wpforms-30135-field_8\">Num\u00e9ro de t\u00e9l\u00e9phone<\/label><input type=\"text\" id=\"wpforms-30135-field_8\" class=\"wpforms-field-medium\" name=\"wpforms[fields][8]\" ><\/div><div id=\"wpforms-30135-field_6-container\" class=\"wpforms-field wpforms-field-textarea\" data-field-id=\"6\"><label class=\"wpforms-field-label\" for=\"wpforms-30135-field_6\">Remarques<\/label><textarea id=\"wpforms-30135-field_6\" class=\"wpforms-field-medium\" name=\"wpforms[fields][6]\" ><\/textarea><\/div><\/div><!-- .wpforms-field-container --><div class=\"wpforms-recaptcha-container wpforms-is-recaptcha wpforms-is-recaptcha-type-v2\" ><div class=\"g-recaptcha\" data-sitekey=\"6Lfou-YnAAAAAIwfbW-L274YWc1TA_angto26ArS\"><\/div><input type=\"text\" name=\"g-recaptcha-hidden\" class=\"wpforms-recaptcha-hidden\" style=\"position:absolute!important;clip:rect(0,0,0,0)!important;height:1px!important;width:1px!important;border:0!important;overflow:hidden!important;padding:0!important;margin:0!important;\" data-rule-recaptcha=\"1\"><\/div><div class=\"wpforms-submit-container\" ><input type=\"hidden\" name=\"wpforms[id]\" value=\"30135\"><input type=\"hidden\" name=\"page_title\" value=\"\"><input type=\"hidden\" name=\"page_url\" value=\"https:\/\/jawa-moto.ch\/fr\/wp-json\/wp\/v2\/pages\/30132\"><input type=\"hidden\" name=\"url_referer\" value=\"\"><button type=\"submit\" name=\"wpforms[submit]\" id=\"wpforms-submit-30135\" class=\"wpforms-submit\" data-alt-text=\"Sending...\" data-submit-text=\"Submit\" aria-live=\"assertive\" value=\"wpforms-submit\">Envoyer<\/button><img decoding=\"async\" src=\"https:\/\/jawa-moto.ch\/wp-content\/plugins\/wpforms-lite\/assets\/images\/submit-spin.svg\" class=\"wpforms-submit-spinner\" style=\"display: none;\" width=\"26\" height=\"26\" alt=\"Chargement en cours\"><\/div><input type=\"hidden\" name=\"trp-form-language\" value=\"fr\"\/><\/form><\/div>  <!-- .wpforms-container -->\t\t\t\t<\/div>\n\t\t\t\t<\/div>\n\t\t\t\t\t<\/div>\n\t\t<\/div>\n\t\t\t\t\t<\/div>\n\t\t<\/section>\n\t\t\t\t<\/div>","protected":false},"excerpt":{"rendered":"<p>become a dealer Thank you for your interest in becoming a Jawa dealer. Please fill out the form below and we will contact you shortly. Please enable JavaScript in your browser to complete this form.Company nameContact personFirstLastEmailPhone numberRemarks Submit<\/p>","protected":false},"author":1,"featured_media":0,"parent":0,"menu_order":0,"comment_status":"closed","ping_status":"closed","template":"","meta":{"_uag_custom_page_level_css":"","_monsterinsights_skip_tracking":false,"_monsterinsights_sitenote_active":false,"_monsterinsights_sitenote_note":"","_monsterinsights_sitenote_category":0,"site-sidebar-layout":"no-sidebar","site-content-layout":"page-builder","ast-global-header-display":"","ast-banner-title-visibility":"","ast-main-header-display":"","ast-hfb-above-header-display":"","ast-hfb-below-header-display":"","ast-hfb-mobile-header-display":"","site-post-title":"disabled","ast-breadcrumbs-content":"","ast-featured-img":"disabled","footer-sml-layout":"","theme-transparent-header-meta":"","adv-header-id-meta":"","stick-header-meta":"","header-above-stick-meta":"","header-main-stick-meta":"","header-below-stick-meta":"","footnotes":""},"class_list":["post-30132","page","type-page","status-publish","hentry"],"aioseo_notices":[],"uagb_featured_image_src":{"full":false,"thumbnail":false,"medium":false,"medium_large":false,"large":false,"1536x1536":false,"2048x2048":false,"trp-custom-language-flag":false},"uagb_author_info":{"display_name":"jawa","author_link":"https:\/\/jawa-moto.ch\/fr\/author\/sweetsvonmamangmail-com\/"},"uagb_comment_info":0,"uagb_excerpt":"become a dealer Thank you for your interest in becoming a Jawa dealer. Please fill out the form below and we will contact you shortly. Please enable JavaScript in your browser to complete this form.Company nameContact personFirstLastEmailPhone numberRemarks Submit","jetpack_sharing_enabled":true,"_links":{"self":[{"href":"https:\/\/jawa-moto.ch\/fr\/wp-json\/wp\/v2\/pages\/30132","targetHints":{"allow":["GET"]}}],"collection":[{"href":"https:\/\/jawa-moto.ch\/fr\/wp-json\/wp\/v2\/pages"}],"about":[{"href":"https:\/\/jawa-moto.ch\/fr\/wp-json\/wp\/v2\/types\/page"}],"author":[{"embeddable":true,"href":"https:\/\/jawa-moto.ch\/fr\/wp-json\/wp\/v2\/users\/1"}],"replies":[{"embeddable":true,"href":"https:\/\/jawa-moto.ch\/fr\/wp-json\/wp\/v2\/comments?post=30132"}],"version-history":[{"count":20,"href":"https:\/\/jawa-moto.ch\/fr\/wp-json\/wp\/v2\/pages\/30132\/revisions"}],"predecessor-version":[{"id":30164,"href":"https:\/\/jawa-moto.ch\/fr\/wp-json\/wp\/v2\/pages\/30132\/revisions\/30164"}],"wp:attachment":[{"href":"https:\/\/jawa-moto.ch\/fr\/wp-json\/wp\/v2\/media?parent=30132"}],"curies":[{"name":"wp","href":"https:\/\/api.w.org\/{rel}","templated":true}]}}